{"id":24575,"date":"2017-12-05T18:30:57","date_gmt":"2017-12-05T18:30:57","guid":{"rendered":"http:\/\/www.porbatata.pt\/?page_id=24575"},"modified":"2025-10-27T11:16:42","modified_gmt":"2025-10-27T11:16:42","slug":"porbatata","status":"publish","type":"page","link":"https:\/\/www.porbatata.pt\/en\/porbatata\/","title":{"rendered":"Porbatata"},"content":{"rendered":"<p>[vc_row css=&#8221;.vc_custom_1512499434173{margin-top: 40px !important;}&#8221;][vc_column width=&#8221;1\/2&#8243;][vc_custom_heading text=&#8221;A miss\u00e3o da Porbatata &#8211; Associa\u00e7\u00e3o da Batata de Portugal \u00e9 representar os interesses de toda a fileira da batata em Portugal e ser uma voz \u00fanica e ativa do setor, unindo a produ\u00e7\u00e3o, a comercializa\u00e7\u00e3o e a ind\u00fastria.&#8221; font_container=&#8221;tag:h5|text_align:left|color:%236d3f17&#8243; use_theme_fonts=&#8221;yes&#8221;][\/vc_column][vc_column width=&#8221;1\/2&#8243; css=&#8221;.vc_custom_1512499320282{border-top-width: 1px !important;border-right-width: 1px !important;border-bottom-width: 1px !important;border-left-width: 1px !important;padding-top: 20px !important;padding-right: 20px !important;padding-left: 20px !important;border-left-color: #805d3b !important;border-left-style: solid !important;border-right-color: #805d3b !important;border-right-style: solid !important;border-top-color: #805d3b !important;border-top-style: solid !important;border-bottom-color: #805d3b !important;border-bottom-style: solid !important;}&#8221;][vc_column_text]Fundada a 28 de Setembro de 2016, a Porbatata \u00e9 uma organiza\u00e7\u00e3o sem fins lucrativos que tem como objetivo promover a batata portuguesa.<br \/>\nAssente numa vis\u00e3o inovadora de processos, representa os interesses de toda a fileira a n\u00edvel nacional e internacional,<\/p>\n<p style=\"text-align: right;\"><u><em><strong><a href=\"http:\/\/www.porbatata.pt\/quem-somos\/\">Mais sobre quem somos&#8230;<\/a><\/strong><\/em><\/u><\/p>\n<p>[\/vc_column_text][\/vc_column][\/vc_row][vc_row css=&#8221;.vc_custom_1512499844243{margin-top: 30px !important;}&#8221;][vc_column width=&#8221;1\/4&#8243;][vc_single_image image=&#8221;24588&#8243; img_size=&#8221;full&#8221; alignment=&#8221;center&#8221;][vc_custom_heading text=&#8221;Batata semente&#8221; font_container=&#8221;tag:h5|text_align:center&#8221; use_theme_fonts=&#8221;yes&#8221;][vc_column_text]<\/p>\n<p style=\"text-align: center;\">A excel\u00eancia da batata produzida em Portugal come\u00e7a na escolha da batata semente, um dos fatores determinantes para a qualidade e quantidade de produ\u00e7\u00e3o. As empresas que produzem batata semente investem em processos de investiga\u00e7\u00e3o inovadores para adequar as variedades \u00e0s especificidades de cada regi\u00e3o, fazem ensaios em estreita colabora\u00e7\u00e3o com a produ\u00e7\u00e3o e apostam na sele\u00e7\u00e3o clonal para obter as melhores e mais produtivas variedades.<\/p>\n<p>[\/vc_column_text][\/vc_column][vc_column width=&#8221;1\/4&#8243;][vc_single_image image=&#8221;24589&#8243; img_size=&#8221;full&#8221; alignment=&#8221;center&#8221;][vc_custom_heading text=&#8221;Produ\u00e7\u00e3o&#8221; font_container=&#8221;tag:h5|text_align:center&#8221; use_theme_fonts=&#8221;yes&#8221;][vc_column_text]<\/p>\n<p style=\"text-align: center;\">As caracter\u00edsticas organol\u00e9ticas que tornam as batatas portuguesas um alimento apetec\u00edvel e saud\u00e1vel s\u00e3o determinadas por um conjunto de fatores. Excluindo os fatores clim\u00e1ticos que o produtor n\u00e3o controla e os fatores ed\u00e1ficos em que a sua influ\u00eancia \u00e9 relativa, obter um produto de qualidade de forma eficiente e sustent\u00e1vel s\u00f3 \u00e9 poss\u00edvel gra\u00e7as ao conhecimento t\u00e9cnico e experi\u00eancia acumulada do agricultor e ao apoio das organiza\u00e7\u00f5es de produtores.<\/p>\n<p>[\/vc_column_text][\/vc_column][vc_column width=&#8221;1\/4&#8243;][vc_single_image image=&#8221;24587&#8243; img_size=&#8221;full&#8221; alignment=&#8221;center&#8221;][vc_custom_heading text=&#8221;Ind\u00fastria&#8221; font_container=&#8221;tag:h5|text_align:center&#8221; use_theme_fonts=&#8221;yes&#8221;][vc_column_text]<\/p>\n<p style=\"text-align: center;\">Com o consumidor a dedicar menos tempo \u00e0 confe\u00e7\u00e3o de refei\u00e7\u00f5es, a ind\u00fastria oferece gamas de produtos cada vez mais diversificadas e inovadoras. Das tradicionais batatas fritas em pacote (com m\u00faltiplas op\u00e7\u00f5es de sabor e forma), aos produtos \u00e0 base de batata \u2013 pr\u00e9-cozinhados, congelados, prontos a cozinhar embalados ou f\u00e9cula \u2013 a batata \u00e9 hoje um alimento conveniente e vers\u00e1til, essencial na alimenta\u00e7\u00e3o de todas as fam\u00edlias.<\/p>\n<p>[\/vc_column_text][\/vc_column][vc_column width=&#8221;1\/4&#8243;][vc_single_image image=&#8221;24586&#8243; img_size=&#8221;full&#8221; alignment=&#8221;center&#8221;][vc_custom_heading text=&#8221;Comercializa\u00e7\u00e3o&#8221; font_container=&#8221;tag:h5|text_align:center&#8221; use_theme_fonts=&#8221;yes&#8221;][vc_column_text]<\/p>\n<p style=\"text-align: center;\">Os canais de escoamento da produ\u00e7\u00e3o sofreram altera\u00e7\u00f5es profundas nos \u00faltimos anos, evoluindo dos mercados tradicionais e regionais para a grande distribui\u00e7\u00e3o. Retalhistas, armazenistas, embaladores, importadores e exportadores s\u00e3o hoje atores fundamentais na fileira, que cresceu e<br \/>\nganhou escala para responder \u00e0s exig\u00eancias dos clientes e competir com os maiores operadores econ\u00f3micos.<\/p>\n<p>[\/vc_column_text][\/vc_column][\/vc_row][vc_row full_width=&#8221;stretch_row&#8221; css=&#8221;.vc_custom_1611587328745{padding-top: 0px !important;padding-bottom: 0px !important;background-color: #805d3b !important;}&#8221; el_class=&#8221;white&#8221;][vc_column width=&#8221;1\/2&#8243;][vc_custom_heading text=&#8221;Org\u00e3os Sociais&#8221; font_container=&#8221;tag:h4|text_align:center|color:%23ffffff&#8221; use_theme_fonts=&#8221;yes&#8221;][vc_single_image image=&#8221;24594&#8243; img_size=&#8221;175&#215;175&#8243; alignment=&#8221;center&#8221;][vc_column_text]<\/p>\n<p style=\"text-align: center;\"><a href=\"https:\/\/www.porbatata.pt\/wp-content\/uploads\/2025\/04\/Corpos-Sociais042025-1.png\" target=\"_blank\" rel=\"noopener\">VER &gt;<\/a><\/p>\n<p>[\/vc_column_text][\/vc_column][vc_column width=&#8221;1\/2&#8243;][vc_custom_heading text=&#8221;Estatutos&#8221; font_container=&#8221;tag:h4|text_align:center|color:%23ffffff&#8221; use_theme_fonts=&#8221;yes&#8221;][vc_single_image image=&#8221;24595&#8243; img_size=&#8221;175&#215;175&#8243; alignment=&#8221;center&#8221;][vc_column_text]<\/p>\n<p style=\"text-align: center;\"><a href=\"http:\/\/www.porbatata.pt\/wp-content\/uploads\/2017\/12\/Porbatata-estatutos.pdf\" target=\"_blank\" rel=\"noopener\">VER &gt;<\/a><\/p>\n<p>[\/vc_column_text][\/vc_column][\/vc_row][vc_row css=&#8221;.vc_custom_1512500762698{margin-bottom: 35px !important;}&#8221;][vc_column width=&#8221;1\/2&#8243;][vc_single_image image=&#8221;28122&#8243; img_size=&#8221;512&#215;195&#8243; alignment=&#8221;center&#8221; onclick=&#8221;custom_link&#8221; img_link_target=&#8221;_blank&#8221; link=&#8221;https:\/\/www.agro.basf.pt\/pt\/&#8221;][\/vc_column][vc_column width=&#8221;1\/2&#8243;][vc_single_image image=&#8221;27809&#8243; img_size=&#8221;full&#8221; alignment=&#8221;center&#8221; onclick=&#8221;custom_link&#8221; img_link_target=&#8221;_blank&#8221; link=&#8221;https:\/\/www.hubel.pt\/pt\/&#8221;][\/vc_column][\/vc_row][vc_row content_placement=&#8221;middle&#8221; parallax=&#8221;content-moving&#8221; css_animation=&#8221;fadeInRight&#8221;][vc_column][vc_images_carousel images=&#8221;28697,28698&#8243; img_size=&#8221;full&#8221; onclick=&#8221;custom_link&#8221; custom_links_target=&#8221;_blank&#8221; autoplay=&#8221;yes&#8221; wrap=&#8221;yes&#8221; css_animation=&#8221;fadeInRight&#8221; custom_links=&#8221;#E-8_JTIwaHR0cHMlM0ElMkYlMkZpc3N1dS5jb20lMkZtYXJrZXRpbmdfYWRwLWZlcnRpbGl6YW50ZXMucHQ=&#8221; el_class=&#8221;centralizar-carousel&#8221;][\/vc_column][\/vc_row]<\/p>\n","protected":false},"excerpt":{"rendered":"<p>[vc_row css=&#8221;.vc_custom_1512499434173{margin-top: 40px !important;}&#8221;][vc_column width=&#8221;1\/2&#8243;][vc_custom_heading text=&#8221;A miss\u00e3o da Porbatata &#8211; Associa\u00e7\u00e3o da Batata de Portugal \u00e9 representar os interesses de&#8230;<\/p>\n","protected":false},"author":1,"featured_media":0,"parent":0,"menu_order":0,"comment_status":"closed","ping_status":"closed","template":"","meta":{"footnotes":""},"class_list":["post-24575","page","type-page","status-publish","hentry"],"translation":{"provider":"WPGlobus","version":"3.0.0","language":"en","enabled_languages":["pt","en"],"languages":{"pt":{"title":true,"content":true,"excerpt":false},"en":{"title":false,"content":false,"excerpt":false}}},"_links":{"self":[{"href":"https:\/\/www.porbatata.pt\/en\/wp-json\/wp\/v2\/pages\/24575","targetHints":{"allow":["GET"]}}],"collection":[{"href":"https:\/\/www.porbatata.pt\/en\/wp-json\/wp\/v2\/pages"}],"about":[{"href":"https:\/\/www.porbatata.pt\/en\/wp-json\/wp\/v2\/types\/page"}],"author":[{"embeddable":true,"href":"https:\/\/www.porbatata.pt\/en\/wp-json\/wp\/v2\/users\/1"}],"replies":[{"embeddable":true,"href":"https:\/\/www.porbatata.pt\/en\/wp-json\/wp\/v2\/comments?post=24575"}],"version-history":[{"count":50,"href":"https:\/\/www.porbatata.pt\/en\/wp-json\/wp\/v2\/pages\/24575\/revisions"}],"predecessor-version":[{"id":28699,"href":"https:\/\/www.porbatata.pt\/en\/wp-json\/wp\/v2\/pages\/24575\/revisions\/28699"}],"wp:attachment":[{"href":"https:\/\/www.porbatata.pt\/en\/wp-json\/wp\/v2\/media?parent=24575"}],"curies":[{"name":"wp","href":"https:\/\/api.w.org\/{rel}","templated":true}]}}