{"id":24980,"date":"2017-12-11T17:37:19","date_gmt":"2017-12-11T17:37:19","guid":{"rendered":"http:\/\/www.porbatata.pt\/porbatata-copy\/"},"modified":"2021-01-25T14:56:50","modified_gmt":"2021-01-25T14:56:50","slug":"quem-somos","status":"publish","type":"page","link":"https:\/\/www.porbatata.pt\/en\/quem-somos\/","title":{"rendered":"Quem Somos"},"content":{"rendered":"<p>[vc_row css=&#8221;.vc_custom_1513014121024{margin-top: 40px !important;margin-bottom: 100px !important;}&#8221;][vc_column width=&#8221;1\/2&#8243;][vc_column_text]Fundada a 28 de Setembro de 2016, a Porbatata \u00e9 uma organiza\u00e7\u00e3o sem fins lucrativos que tem como objetivo promover a batata portuguesa.<br \/>\nAssente numa vis\u00e3o inovadora de processos, representa os interesses de toda a fileira a n\u00edvel nacional e internacional, defendendo as empresas e procurando libertar estrangulamentos que interfiram com a sua competitividade e sustentabilidade.<br \/>\nA associa\u00e7\u00e3o tem como miss\u00e3o monitorizar, compilar, produzir e difundir informa\u00e7\u00e3o relevante, nomeadamente, de car\u00e1cter produtivo, comercial e de mercado, ao mesmo tempo que promove e estimula o consumo interno e a exporta\u00e7\u00e3o, potenciando sinergias com outras organiza\u00e7\u00f5es do setor agroalimentar.[\/vc_column_text][\/vc_column][vc_column width=&#8221;1\/2&#8243;][vc_column_text]A principal miss\u00e3o da Porbatata \u00e9 promover a batata portuguesa como um alimento saud\u00e1vel e diferenciado, destacando a suas caracter\u00edsticas \u00fanicas.<br \/>\nCom sede na zona Oeste, na vila da Lourinh\u00e3, tem associados oriundos das v\u00e1rias regi\u00f5es de Portugal Continental e Ilhas, de organiza\u00e7\u00f5es de produtores a comerciantes que operam nos mercados interno e externo, passando por industriais e outras entidades ligadas ao sector, como universidades e associa\u00e7\u00f5es.<br \/>\nPodem ser associadas todas as entidades p\u00fablicas ou privadas que participem no setor da batata portuguesa a n\u00edvel empresarial e institucional.[\/vc_column_text][\/vc_column][\/vc_row]<\/p>\n","protected":false},"excerpt":{"rendered":"<p>[vc_row css=&#8221;.vc_custom_1513014121024{margin-top: 40px !important;margin-bottom: 100px !important;}&#8221;][vc_column width=&#8221;1\/2&#8243;][vc_column_text]Fundada a 28 de Setembro de 2016, a Porbatata \u00e9 uma organiza\u00e7\u00e3o sem fins&#8230;<\/p>\n","protected":false},"author":1,"featured_media":0,"parent":0,"menu_order":0,"comment_status":"closed","ping_status":"closed","template":"","meta":{"footnotes":""},"class_list":["post-24980","page","type-page","status-publish","hentry"],"translation":{"provider":"WPGlobus","version":"3.0.0","language":"en","enabled_languages":["pt","en"],"languages":{"pt":{"title":true,"content":true,"excerpt":false},"en":{"title":false,"content":false,"excerpt":false}}},"_links":{"self":[{"href":"https:\/\/www.porbatata.pt\/en\/wp-json\/wp\/v2\/pages\/24980","targetHints":{"allow":["GET"]}}],"collection":[{"href":"https:\/\/www.porbatata.pt\/en\/wp-json\/wp\/v2\/pages"}],"about":[{"href":"https:\/\/www.porbatata.pt\/en\/wp-json\/wp\/v2\/types\/page"}],"author":[{"embeddable":true,"href":"https:\/\/www.porbatata.pt\/en\/wp-json\/wp\/v2\/users\/1"}],"replies":[{"embeddable":true,"href":"https:\/\/www.porbatata.pt\/en\/wp-json\/wp\/v2\/comments?post=24980"}],"version-history":[{"count":4,"href":"https:\/\/www.porbatata.pt\/en\/wp-json\/wp\/v2\/pages\/24980\/revisions"}],"predecessor-version":[{"id":26731,"href":"https:\/\/www.porbatata.pt\/en\/wp-json\/wp\/v2\/pages\/24980\/revisions\/26731"}],"wp:attachment":[{"href":"https:\/\/www.porbatata.pt\/en\/wp-json\/wp\/v2\/media?parent=24980"}],"curies":[{"name":"wp","href":"https:\/\/api.w.org\/{rel}","templated":true}]}}