{"id":25335,"date":"2018-05-24T14:04:36","date_gmt":"2018-05-24T14:04:36","guid":{"rendered":"http:\/\/www.porbatata.pt\/termos-e-condicoes-copy\/"},"modified":"2023-01-02T16:03:51","modified_gmt":"2023-01-02T16:03:51","slug":"resolucao-de-litigios-online","status":"publish","type":"page","link":"https:\/\/www.porbatata.pt\/en\/resolucao-de-litigios-online\/","title":{"rendered":"Resolu\u00e7\u00e3o de Lit\u00edgios Online"},"content":{"rendered":"<p>[vc_row css=&#8221;.vc_custom_1513014121024{margin-top: 40px !important;margin-bottom: 100px !important;}&#8221;][vc_column][vc_column_text]Caro cliente,<\/p>\n<p>A Uni\u00e3o Europeia criou um site para apoiar os consumidores a apresentarem as suas reclama\u00e7\u00f5es sobre qualquer lit\u00edgio em que estejam envolvidos. Neste \u00e2mbito disponibilizamos toda a informa\u00e7\u00e3o para que possa exercer o seu direito de reclama\u00e7\u00e3o junto de uma entidade oficial, terceira e imparcial ao processo , (\u00abentidade de resolu\u00e7\u00e3o de lit\u00edgios\u00bb) que o ajudar\u00e1 a resolver o lit\u00edgio em quest\u00e3o.<\/p>\n<p>Assim, se ficou insatisfeito com a aquisi\u00e7\u00e3o de um bem ou servi\u00e7o, ou com a solu\u00e7\u00e3o por n\u00f3s apresentada para resolver a situa\u00e7\u00e3o, pode aceder a este site oficial\u00a0<a href=\"https:\/\/webgate.ec.europa.eu\/odr\/main\/?event=main.home.show\">https:\/\/webgate.ec.europa.eu\/odr\/main\/?event=main.home.show<\/a>\u00a0e exp\u00f4r a sua contesta\u00e7\u00e3o.<\/p>\n<p><strong>O que \u00e9 a resolu\u00e7\u00e3o alternativa de lit\u00edgios?<\/strong><\/p>\n<p>A resolu\u00e7\u00e3o alternativa de lit\u00edgios \u00e9 a possibilidade que todos os consumidores t\u00eam ao seu dispor de recorrer e entidades oficiais que os ajudem na resolu\u00e7\u00e3o, ou orienta\u00e7\u00e3o de algum conflito, antes de abrirem processos litigiosos nos Tribunais.<br \/>\nRegra geral, o procedimento \u00e9 o seguinte: o cliente pede a um terceiro imparcial que intervenha como intermedi\u00e1rio entre si e o comerciante que \u00e9 o alvo da sua reclama\u00e7\u00e3o. O intermedi\u00e1rio pode sugerir uma solu\u00e7\u00e3o para a sua reclama\u00e7\u00e3o, impor uma solu\u00e7\u00e3o a ambas as partes ou reunir as partes para encontrar uma solu\u00e7\u00e3o.<br \/>\nTalvez conhe\u00e7a o conceito de resolu\u00e7\u00e3o alternativa de lit\u00edgios por outro nome: \u2018media\u00e7\u00e3o\u2019, \u2018concilia\u00e7\u00e3o\u2019, \u2018arbitragem\u2019 ou \u2018comiss\u00e3o competente no \u00e2mbito dos lit\u00edgios de consumo\u2019.<br \/>\nA resolu\u00e7\u00e3o alternativa de lit\u00edgios \u00e9, por norma, menos dispendiosa, menos formal e mais r\u00e1pida do que a via judicial.<\/p>\n<p>Em caso de lit\u00edgio de consumo, o consumidor pode recorrer \u00e0s seguintes\u00a0<strong>entidades de resolu\u00e7\u00e3o alternativa de lit\u00edgios de consumo<\/strong>:<\/p>\n<p><strong>CNIACC \u2013 Centro Nacional de Informa\u00e7\u00e3o e Arbitragem de Conflitos de Consumo<\/strong><br \/>\n<a href=\"http:\/\/www.cniacc.pt\/pt\/\">http:\/\/www.cniacc.pt\/pt\/<\/a><\/p>\n<p><strong>CACCL \u2013 Centro de Arbitragem de Conflitos de Consumo de Lisboa<\/strong><br \/>\n<a href=\"http:\/\/www.centroarbitragemlisboa.pt\/\">http:\/\/www.centroarbitragemlisboa.pt\/<\/a><\/p>\n<p><strong>CACCVA \u2013 Centro de Arbitragem de Conflitos de Consumo do Vale do Ave\/Tribunal Arbitral<\/strong><br \/>\n<a href=\"http:\/\/www.triave.pt\/\">http:\/\/www.triave.pt\/<\/a><\/p>\n<p><strong>CICAP \u2013 Centro de\u00a0de Informa\u00e7\u00e3o de Consumo e Arbitragem do Porto (Tribunal Arbitral de Consumo)<\/strong><br \/>\n<a href=\"http:\/\/www.cicap.pt\/\">http:\/\/www.cicap.pt\/<\/a><\/p>\n<p><strong>CIMAAL \u2013 Centro de\u00a0de Informa\u00e7\u00e3o, Media\u00e7\u00e3o e Arbitragem de Conflitos de Consumo de Algarve<\/strong><br \/>\n<a href=\"http:\/\/www.ciab.pt\/pt\/\">http:\/\/www.ciab.pt\/pt\/<\/a><\/p>\n<p><strong>CIAB \u2013 Centro de Informa\u00e7\u00e3o, Media\u00e7\u00e3o e Arbitragem de Consumo (Tribunal Arbitral de Consumo)<\/strong><br \/>\n<a href=\"http:\/\/www.ciab.pt\/pt\/\">http:\/\/www.ciab.pt\/pt\/<\/a><\/p>\n<p><strong>CIMPAS \u2013 Centro de Informa\u00e7\u00e3o, Media\u00e7\u00e3o e Provedoria de Seguros<\/strong><br \/>\n<a href=\"https:\/\/www.cimpas.pt\/\">https:\/\/www.cimpas.pt\/<\/a><\/p>\n<p><strong>Conforme Lei n.o 144\/2015 para resolu\u00e7\u00e3o de lit\u00edgios consulte:<\/strong><br \/>\nCNIACC \u2013 Telefone: 21 384 7484 (Chamada para a rede fixa nacional)<br \/>\nE-mail: cniacc@fd.unl.pt Site: www.arbitragemdeconsumo.org[\/vc_column_text][\/vc_column][\/vc_row]<\/p>\n","protected":false},"excerpt":{"rendered":"<p>[vc_row css=&#8221;.vc_custom_1513014121024{margin-top: 40px !important;margin-bottom: 100px !important;}&#8221;][vc_column][vc_column_text]Caro cliente, A Uni\u00e3o Europeia criou um site para apoiar os consumidores a apresentarem as&#8230;<\/p>\n","protected":false},"author":1,"featured_media":0,"parent":0,"menu_order":0,"comment_status":"closed","ping_status":"closed","template":"","meta":{"footnotes":""},"class_list":["post-25335","page","type-page","status-publish","hentry"],"translation":{"provider":"WPGlobus","version":"3.0.0","language":"en","enabled_languages":["pt","en"],"languages":{"pt":{"title":true,"content":true,"excerpt":false},"en":{"title":false,"content":false,"excerpt":false}}},"_links":{"self":[{"href":"https:\/\/www.porbatata.pt\/en\/wp-json\/wp\/v2\/pages\/25335","targetHints":{"allow":["GET"]}}],"collection":[{"href":"https:\/\/www.porbatata.pt\/en\/wp-json\/wp\/v2\/pages"}],"about":[{"href":"https:\/\/www.porbatata.pt\/en\/wp-json\/wp\/v2\/types\/page"}],"author":[{"embeddable":true,"href":"https:\/\/www.porbatata.pt\/en\/wp-json\/wp\/v2\/users\/1"}],"replies":[{"embeddable":true,"href":"https:\/\/www.porbatata.pt\/en\/wp-json\/wp\/v2\/comments?post=25335"}],"version-history":[{"count":3,"href":"https:\/\/www.porbatata.pt\/en\/wp-json\/wp\/v2\/pages\/25335\/revisions"}],"predecessor-version":[{"id":27763,"href":"https:\/\/www.porbatata.pt\/en\/wp-json\/wp\/v2\/pages\/25335\/revisions\/27763"}],"wp:attachment":[{"href":"https:\/\/www.porbatata.pt\/en\/wp-json\/wp\/v2\/media?parent=25335"}],"curies":[{"name":"wp","href":"https:\/\/api.w.org\/{rel}","templated":true}]}}