{"id":25858,"date":"2019-04-12T13:28:23","date_gmt":"2019-04-12T13:28:23","guid":{"rendered":"http:\/\/www.porbatata.pt\/profissionais-batata-em-portugal-copy\/"},"modified":"2021-01-29T17:33:03","modified_gmt":"2021-01-29T17:33:03","slug":"profissionais-categoria-i-e-ii","status":"publish","type":"page","link":"https:\/\/www.porbatata.pt\/en\/profissionais-categoria-i-e-ii\/","title":{"rendered":"Profissionais &#8211; Categoria I e II"},"content":{"rendered":"<p>[vc_row css=&#8221;.vc_custom_1555075982016{margin-top: 40px !important;margin-bottom: 40px !important;}&#8221;][vc_column width=&#8221;1\/2&#8243;][vc_column_text]<\/p>\n<h3><strong>Categoria I<\/strong><\/h3>\n<p>Batatas de boa qualidade e que apresentem as caracter\u00edsticas inerentes ao tipo de variedade a que pertencem.<\/p>\n<p>No entanto, desde que n\u00e3o prejudique o aspeto geral do produto nem a sua qualidade, conserva\u00e7\u00e3o ou apresenta\u00e7\u00e3o, podem apresentar os seguintes defeitos:<\/p>\n<ul>\n<li>Ligeiro defeito de forma, tendo em conta a forma t\u00edpica da variedade e a sua zona de produ\u00e7\u00e3o;<\/li>\n<li>Ligeiros defeitos superficiais;<\/li>\n<li>Ligeiros defeitos de colora\u00e7\u00e3o;<\/li>\n<li>Muito ligeiros defeitos internos.<\/li>\n<\/ul>\n<p>[\/vc_column_text][\/vc_column][vc_column width=&#8221;1\/2&#8243;][vc_column_text]<\/p>\n<h3><strong>Categoria II<\/strong><\/h3>\n<p>Engloba as batatas que n\u00e3o podem ser classificadas na categoria I, mas que cumpram as caracter\u00edsticas m\u00ednimas estabelecidas no ponto 1 do presente anexo.<\/p>\n<p>No entanto, podem apresentar os defeitos a seguir indicados, desde que mantenham as caracter\u00edsticas essenciais de qualidade, conserva\u00e7\u00e3o e apresenta\u00e7\u00e3o:<\/p>\n<ul>\n<li>Defeitos de forma, tendo em conta a forma t\u00edpica da variedade e a sua zona de produ\u00e7\u00e3o;<\/li>\n<li>Defeitos superficiais;<\/li>\n<li>Defeitos de colora\u00e7\u00e3o;<\/li>\n<\/ul>\n<p>[\/vc_column_text][\/vc_column][\/vc_row][vc_row css=&#8221;.vc_custom_1611917519806{margin-bottom: 80px !important;}&#8221;][vc_column][vc_column_text]<strong>NOTA:<\/strong><br \/>\nO <a href=\"https:\/\/www.porbatata.pt\/wp-content\/uploads\/2021\/01\/DL-78.2020-Diretivas_Batata.pdf\" target=\"_blank\" rel=\"noopener\"><strong>D.L 78\/2020<\/strong><\/a> de 29 de Setembro, no seu cap\u00edtulo IV altera o D.L. 14\/2016 de 9 de mar\u00e7o.<br \/>\nOs <a href=\"https:\/\/www.porbatata.pt\/wp-content\/uploads\/2021\/01\/DL_14_2016.pdf\" target=\"_blank\" rel=\"noopener\"><strong>Anexos I e II do D.L. 14\/2016<\/strong><\/a>, referentes a batata de consumo, mant\u00eam-se em vigor at\u00e9 sa\u00edda de portaria de altera\u00e7\u00e3o.[\/vc_column_text][\/vc_column][\/vc_row]<\/p>\n","protected":false},"excerpt":{"rendered":"<p>[vc_row css=&#8221;.vc_custom_1555075982016{margin-top: 40px !important;margin-bottom: 40px !important;}&#8221;][vc_column width=&#8221;1\/2&#8243;][vc_column_text] Categoria I Batatas de boa qualidade e que apresentem as caracter\u00edsticas inerentes ao&#8230;<\/p>\n","protected":false},"author":1,"featured_media":0,"parent":0,"menu_order":0,"comment_status":"closed","ping_status":"closed","template":"","meta":{"footnotes":""},"class_list":["post-25858","page","type-page","status-publish","hentry"],"translation":{"provider":"WPGlobus","version":"3.0.0","language":"en","enabled_languages":["pt","en"],"languages":{"pt":{"title":true,"content":true,"excerpt":false},"en":{"title":false,"content":false,"excerpt":false}}},"_links":{"self":[{"href":"https:\/\/www.porbatata.pt\/en\/wp-json\/wp\/v2\/pages\/25858","targetHints":{"allow":["GET"]}}],"collection":[{"href":"https:\/\/www.porbatata.pt\/en\/wp-json\/wp\/v2\/pages"}],"about":[{"href":"https:\/\/www.porbatata.pt\/en\/wp-json\/wp\/v2\/types\/page"}],"author":[{"embeddable":true,"href":"https:\/\/www.porbatata.pt\/en\/wp-json\/wp\/v2\/users\/1"}],"replies":[{"embeddable":true,"href":"https:\/\/www.porbatata.pt\/en\/wp-json\/wp\/v2\/comments?post=25858"}],"version-history":[{"count":7,"href":"https:\/\/www.porbatata.pt\/en\/wp-json\/wp\/v2\/pages\/25858\/revisions"}],"predecessor-version":[{"id":26964,"href":"https:\/\/www.porbatata.pt\/en\/wp-json\/wp\/v2\/pages\/25858\/revisions\/26964"}],"wp:attachment":[{"href":"https:\/\/www.porbatata.pt\/en\/wp-json\/wp\/v2\/media?parent=25858"}],"curies":[{"name":"wp","href":"https:\/\/api.w.org\/{rel}","templated":true}]}}